{"id":247,"date":"2021-04-29T03:36:59","date_gmt":"2021-04-29T03:36:59","guid":{"rendered":"https:\/\/samco-group.com\/contact\/"},"modified":"2023-07-11T17:51:25","modified_gmt":"2023-07-11T17:51:25","slug":"impresszum","status":"publish","type":"page","link":"https:\/\/samco-group.com\/en\/impresszum\/","title":{"rendered":"Impressum"},"content":{"rendered":"<div data-elementor-type=\"wp-page\" data-elementor-id=\"247\" class=\"elementor elementor-247\" data-elementor-post-type=\"page\">\n\t\t\t\t<div class=\"elementor-element elementor-element-a71055e e-flex e-con-boxed e-con e-parent\" data-id=\"a71055e\" data-element_type=\"container\" data-e-type=\"container\" data-settings=\"{&quot;background_background&quot;:&quot;classic&quot;}\">\n\t\t\t\t\t<div class=\"e-con-inner\">\n\t\t<div class=\"elementor-element elementor-element-35b2b80 e-con-full e-flex e-con e-child\" data-id=\"35b2b80\" data-element_type=\"container\" data-e-type=\"container\">\n\t\t\t\t<div class=\"elementor-element elementor-element-a34c766 elementor-vertical-align-top elementor-widget elementor-widget-image-box\" data-id=\"a34c766\" data-element_type=\"widget\" data-e-type=\"widget\" data-widget_type=\"image-box.default\">\n\t\t\t\t<div class=\"elementor-widget-container\">\n\t\t\t\t\t<div class=\"elementor-image-box-wrapper\"><div class=\"elementor-image-box-content\"><h1 class=\"elementor-image-box-title\">Impressum<\/h1><\/div><\/div>\t\t\t\t<\/div>\n\t\t\t\t<\/div>\n\t\t\t\t<\/div>\n\t\t\t\t\t<\/div>\n\t\t\t\t<\/div>\n\t\t<div class=\"elementor-element elementor-element-73fd91e e-flex e-con-boxed e-con e-parent\" data-id=\"73fd91e\" data-element_type=\"container\" data-e-type=\"container\">\n\t\t\t\t\t<div class=\"e-con-inner\">\n\t\t\t\t<div class=\"elementor-element elementor-element-46d446c elementor-widget__width-initial elementor-widget elementor-widget-text-editor\" data-id=\"46d446c\" data-element_type=\"widget\" data-e-type=\"widget\" data-widget_type=\"text-editor.default\">\n\t\t\t\t<div class=\"elementor-widget-container\">\n\t\t\t\t\t\t\t\t\t<h3 class=\"translation-block\">Operating company<\/h3><p><strong>Name:<\/strong> SamCoGroup Kft.<br \/><strong>Address:<\/strong> 1119 Budapest, Andor utca 21\/C fszt. 1.<br \/><strong>Tax Number:<\/strong> 32308118-2-43<br \/><strong>Company registration number:<\/strong> 01-09-417292<br \/><strong>Central email address:<\/strong> <a href=\"mailto:office@samco-group.com\">office@samco-group.com<\/a><\/p><h3>Hosting provider:<\/h3><p><strong>Name:<\/strong> home.pl S.A<br \/><strong>Address:<\/strong> Zbozwa 4, 70-653 Szczecin<br \/><strong>Website:<\/strong> <a href=\"http:\/\/www.ionos.hu\">www.ionos.hu<\/a><br \/><strong>Email:<\/strong><a href=\"mailto:info@ionos.hu\"> info@ionos.hu<\/a><\/p><p><a href=\"https:\/\/dokumentumok.ionos.hu\/a-homepl-adatvedelmi-szabalyzata-20191030.pdf?fbclid=IwAR2rdX9BN0FV5-yn9VzVYM31FFFVfAOc88ek485kZZgPKItH2fsCZlzuTE4\" target=\"_blank\" rel=\"noopener\"><strong>Privacy policy of home.pl<\/strong><\/a><\/p><h3>Authority registering the service provider:<\/h3><p><b>Name: <\/b>F\u0151v\u00e1rosi T\u00f6rv\u00e9nysz\u00e9k C\u00e9gb\u00edr\u00f3s\u00e1ga<br \/><b>Address:<\/b> 1051 Budapest, N\u00e1dor utca 28.<br \/><b>Mailing address:<\/b> 1363 Budapest, Pf.:17<\/p>\t\t\t\t\t\t\t\t<\/div>\n\t\t\t\t<\/div>\n\t\t\t\t\t<\/div>\n\t\t\t\t<\/div>\n\t\t\t\t<\/div>","protected":false},"excerpt":{"rendered":"<p>Impresszum \u00dczemeltet\u0151 c\u00e9g: N\u00e9v: SamCoGroup Kft.Sz\u00e9khely: 1119 Budapest, Andor utca 21\/C fszt. 1.Ad\u00f3sz\u00e1m: 32308118-2-43C\u00e9gjegyz\u00e9ksz\u00e1m: 01-09-417292K\u00f6zponti e-mail c\u00edm: office@samco-group.com T\u00e1rhelyszolg\u00e1ltat\u00f3: N\u00e9v: home.pl S.ASz\u00e9khely: Zbozwa 4, 70-653 SzczecinWeboldal: www.ionos.huEmail: info@ionos.hu A home.pl adatv\u00e9delmi szab\u00e1lyzata Szolg\u00e1ltat\u00f3t nyilv\u00e1ntart\u00e1sba vev\u0151 hat\u00f3s\u00e1g: N\u00e9v: F\u0151v\u00e1rosi T\u00f6rv\u00e9nysz\u00e9k C\u00e9gb\u00edr\u00f3s\u00e1gaC\u00edm: 1051 Budapest, N\u00e1dor utca 28.Levelez\u00e9si c\u00edm: 1363 Budapest, Pf.:17<\/p>","protected":false},"author":1,"featured_media":0,"parent":0,"menu_order":0,"comment_status":"closed","ping_status":"closed","template":"","meta":{"site-sidebar-layout":"no-sidebar","site-content-layout":"page-builder","ast-site-content-layout":"default","site-content-style":"default","site-sidebar-style":"default","ast-global-header-display":"","ast-banner-title-visibility":"","ast-main-header-display":"","ast-hfb-above-header-display":"","ast-hfb-below-header-display":"","ast-hfb-mobile-header-display":"","site-post-title":"disabled","ast-breadcrumbs-content":"","ast-featured-img":"disabled","footer-sml-layout":"","ast-disable-related-posts":"","theme-transparent-header-meta":"enabled","adv-header-id-meta":"","stick-header-meta":"","header-above-stick-meta":"","header-main-stick-meta":"","header-below-stick-meta":"","astra-migrate-meta-layouts":"default","ast-page-background-enabled":"default","ast-page-background-meta":{"desktop":{"background-color":"","background-image":"","background-repeat":"repeat","background-position":"center center","background-size":"auto","background-attachment":"scroll","background-type":"","background-media":"","overlay-type":"","overlay-color":"","overlay-opacity":"","overlay-gradient":""},"tablet":{"background-color":"","background-image":"","background-repeat":"repeat","background-position":"center center","background-size":"auto","background-attachment":"scroll","background-type":"","background-media":"","overlay-type":"","overlay-color":"","overlay-opacity":"","overlay-gradient":""},"mobile":{"background-color":"","background-image":"","background-repeat":"repeat","background-position":"center center","background-size":"auto","background-attachment":"scroll","background-type":"","background-media":"","overlay-type":"","overlay-color":"","overlay-opacity":"","overlay-gradient":""}},"ast-content-background-meta":{"desktop":{"background-color":"var(--ast-global-color-5)","background-image":"","background-repeat":"repeat","background-position":"center center","background-size":"auto","background-attachment":"scroll","background-type":"","background-media":"","overlay-type":"","overlay-color":"","overlay-opacity":"","overlay-gradient":""},"tablet":{"background-color":"var(--ast-global-color-5)","background-image":"","background-repeat":"repeat","background-position":"center center","background-size":"auto","background-attachment":"scroll","background-type":"","background-media":"","overlay-type":"","overlay-color":"","overlay-opacity":"","overlay-gradient":""},"mobile":{"background-color":"var(--ast-global-color-5)","background-image":"","background-repeat":"repeat","background-position":"center center","background-size":"auto","background-attachment":"scroll","background-type":"","background-media":"","overlay-type":"","overlay-color":"","overlay-opacity":"","overlay-gradient":""}},"footnotes":""},"class_list":["post-247","page","type-page","status-publish","hentry"],"_links":{"self":[{"href":"https:\/\/samco-group.com\/en\/wp-json\/wp\/v2\/pages\/247","targetHints":{"allow":["GET"]}}],"collection":[{"href":"https:\/\/samco-group.com\/en\/wp-json\/wp\/v2\/pages"}],"about":[{"href":"https:\/\/samco-group.com\/en\/wp-json\/wp\/v2\/types\/page"}],"author":[{"embeddable":true,"href":"https:\/\/samco-group.com\/en\/wp-json\/wp\/v2\/users\/1"}],"replies":[{"embeddable":true,"href":"https:\/\/samco-group.com\/en\/wp-json\/wp\/v2\/comments?post=247"}],"version-history":[{"count":26,"href":"https:\/\/samco-group.com\/en\/wp-json\/wp\/v2\/pages\/247\/revisions"}],"predecessor-version":[{"id":1701,"href":"https:\/\/samco-group.com\/en\/wp-json\/wp\/v2\/pages\/247\/revisions\/1701"}],"wp:attachment":[{"href":"https:\/\/samco-group.com\/en\/wp-json\/wp\/v2\/media?parent=247"}],"curies":[{"name":"wp","href":"https:\/\/api.w.org\/{rel}","templated":true}]}}