{"id":1615,"date":"2023-07-09T18:59:05","date_gmt":"2023-07-09T18:59:05","guid":{"rendered":"https:\/\/samco-group.com\/?page_id=1615"},"modified":"2023-07-11T17:56:46","modified_gmt":"2023-07-11T17:56:46","slug":"sutik","status":"publish","type":"page","link":"https:\/\/samco-group.com\/en\/sutik\/","title":{"rendered":"Cookies"},"content":{"rendered":"<div data-elementor-type=\"wp-page\" data-elementor-id=\"1615\" class=\"elementor elementor-1615\" data-elementor-post-type=\"page\">\n\t\t\t\t<div class=\"elementor-element elementor-element-a71055e e-flex e-con-boxed e-con e-parent\" data-id=\"a71055e\" data-element_type=\"container\" data-e-type=\"container\" data-settings=\"{&quot;background_background&quot;:&quot;classic&quot;}\">\n\t\t\t\t\t<div class=\"e-con-inner\">\n\t\t<div class=\"elementor-element elementor-element-35b2b80 e-con-full e-flex e-con e-parent\" data-id=\"35b2b80\" data-element_type=\"container\" data-e-type=\"container\">\n\t\t\t\t<div class=\"elementor-element elementor-element-a34c766 elementor-vertical-align-top elementor-widget elementor-widget-image-box\" data-id=\"a34c766\" data-element_type=\"widget\" data-e-type=\"widget\" data-widget_type=\"image-box.default\">\n\t\t\t\t<div class=\"elementor-widget-container\">\n\t\t\t\t\t<div class=\"elementor-image-box-wrapper\"><div class=\"elementor-image-box-content\"><h1 class=\"elementor-image-box-title\">Cookies<\/h1><\/div><\/div>\t\t\t\t<\/div>\n\t\t\t\t<\/div>\n\t\t\t\t<\/div>\n\t\t\t\t\t<\/div>\n\t\t\t\t<\/div>\n\t\t<div class=\"elementor-element elementor-element-73fd91e e-flex e-con-boxed e-con e-parent\" data-id=\"73fd91e\" data-element_type=\"container\" data-e-type=\"container\">\n\t\t\t\t\t<div class=\"e-con-inner\">\n\t\t\t\t<div class=\"elementor-element elementor-element-46d446c elementor-widget__width-initial elementor-widget elementor-widget-text-editor\" data-id=\"46d446c\" data-element_type=\"widget\" data-e-type=\"widget\" data-widget_type=\"text-editor.default\">\n\t\t\t\t<div class=\"elementor-widget-container\">\n\t\t\t\t\t\t\t\t\t<h3>Cookie Handling<\/h3>\n<p class=\"translation-block\">The website <b>www.samco-group.com<\/b> uses cookies to operate the website, facilitate its usage, track activities performed on the website, and display relevant offers.<\/p>\n<p>Please read this document carefully and only use the website's services if you agree with all its points and accept them as binding (hereinafter referred to as \"User\"). Please note that this policy exclusively pertains to cookie handling on the specific website mentioned.<\/p>\n<h3>What is a cookie?<\/h3>\n<p>A cookie is a small data package stored by internet services in the browser. This fundamental technology is essential for providing efficient and modern user experiences supported by all modern browsers.<\/p>\n<h3>How is a cookie generated?<\/h3>\n<p>First, the client's machine sends a request to the server. The server creates a unique identifier, stores it in its own database, and then sends this created cookie back to the client along with all the information. The received information cookie is then stored on the client's machine.<\/p>\n<h3>How is a cookie utilized?<\/h3>\n<p>When the client's machine reconnects with the server, it compares the previously created and stored cookie. The server compares the content of the received cookie with its own stored information. This enables, for example, easy identification of a logged-in registered user. Without this, it would not be possible to log in to a website, for instance.<\/p>\n<h3><b>What cookies does the website use and for what purposes?<\/b><\/h3>\n<p><b>The website uses cookies for the following purposes<\/b><\/p>\n<p class=\"translation-block\">- Development of our website<br>\n- Facilitation of navigation on our website and utilization of its functions, thereby ensuring a seamless user experience<br>\n- Gathering information on how you use our website - assessing which parts you visit or use the most, in order to provide you with an even better user experience upon revisiting our site<br>\n- Further improvement of the user experience upon revisiting our site<br>\n- Placement of targeted advertisements on other websites<br>\n- Distinguishing and identifying browser users<br>\n- Tracking activities performed on the website to deliver messages about offers that may be of interest or importance to you<\/p>\n<h3>Types of cookies<\/h3>\n<p><b>Cookies ensuring basic functionality<\/b><\/p>\n<p>These cookies ensure the proper functioning of the website, facilitate its usage, and collect usage information without identifying our users.<\/p>\n<p><b>Cookies for statistical purposes<\/b><\/p>\n<p>For the purpose of improving our website and enhancing the user experience, we also use cookies that collect information on how visitors use our website. These cookies do not personally identify you but gather information such as which pages the visitor viewed, which sections they clicked on, how many pages they visited, how long the sessions lasted, and which error messages occurred.<\/p>\n<p><b>Performance cookies<\/b><\/p>\n<p>These include Google Analytics cookies, which ensure performance. Additional information about Google Analytics cookies can be found here:&nbsp;<a style=\"letter-spacing: 0px; text-align: var(--text-align);\" href=\"https:\/\/developers.google.com\/analytics\/devguides\/collection\/analyticsjs\/cookie-usage\" target=\"_blank\" rel=\"noopener\">Link<\/a><\/p>\n<p><b>Targeting and advertising cookies<\/b><\/p>\n<p>The purpose of these cookies is to display advertisements on websites that are tailored to your interests or relevant to you. These cookies do not personally identify you but collect information about which pages the visitor viewed, which sections they clicked on, how many pages they visited, all in order to understand content that matches your interests.<\/p>\n<h3>How can you control and disable cookies?<\/h3>\n<p>All modern browsers allow for the modification of cookie settings. Most browsers automatically accept cookies by default, but these settings can usually be changed. This way, the browser can prevent automatic acceptance and provide an opportunity for choice regarding whether to accept cookies on each occasion.<\/p>\n<p>Please note that since cookies serve to facilitate or enable the use of our website, preventing or deleting cookies may result in the inability to fully utilize the functions of our website, and the website may not work as intended in your browser.<\/p>\n<h3><strong>You can find information about cookie settings in the most popular browsers using the following links:<\/strong><\/h3>\n<ul>\n<li><a href=\"https:\/\/support.google.com\/accounts\/answer\/61416?hl=hu\" target=\"_blank\" rel=\"noopener\">Google Chrome<\/a><\/li>\n<li><a href=\"https:\/\/support.mozilla.org\/hu\/kb\/sutik-informacio-amelyet-weboldalak-tarolnak-szami\" target=\"_blank\" rel=\"noopener\">Firefox<\/a><\/li>\n<li><a href=\"https:\/\/support.microsoft.com\/hu-hu\/help\/17442\/windows-internet-explorer-delete-manage-cookies#ie=ie-11\" target=\"_blank\" rel=\"noopener\">Microsoft Internet Explorer<\/a><\/li>\n<li><a href=\"https:\/\/privacy.microsoft.com\/hu-hu\/windows-10-microsoft-edge-and-privacy\" target=\"_blank\" rel=\"noopener\">Microsoft Edge<\/a><\/li>\n<li><a href=\"https:\/\/support.apple.com\/hu-hu\/guide\/safari\/manage-cookies-and-website-data-sfri11471\/mac\" target=\"_blank\" rel=\"noopener\">Safari<\/a><\/li>\n<\/ul>\t\t\t\t\t\t\t\t<\/div>\n\t\t\t\t<\/div>\n\t\t\t\t\t<\/div>\n\t\t\t\t<\/div>\n\t\t\t\t<\/div>","protected":false},"excerpt":{"rendered":"<p>S\u00fctik S\u00fctikezel\u00e9s Az www.samco-group.com weboldal s\u00fctiket haszn\u00e1l a weboldal m\u0171k\u00f6dtet\u00e9s\u00e9hez, haszn\u00e1lat\u00e1nak megk\u00f6nny\u00edt\u00e9s\u00e9hez, a weboldalon v\u00e9gzett tev\u00e9kenys\u00e9gek nyomon k\u00f6vet\u00e9s\u00e9hez \u00e9s relev\u00e1ns aj\u00e1nlatok megjelen\u00edt\u00e9s\u00e9hez. K\u00e9rj\u00fck, olvassa el figyelmesen ezt a dokumentumot, \u00e9s csak akkor vegye ig\u00e9nybe a weboldal szolg\u00e1ltat\u00e1sait, ha egyet\u00e9rt az \u00f6sszes pontj\u00e1val \u00e9s elfogadja azokat k\u00f6telez\u0151 \u00e9rv\u00e9ny\u0171nek (a tov\u00e1bbiakban: Felhaszn\u00e1l\u00f3). Felh\u00edvjuk figyelm\u00e9t, hogy ez a [&hellip;]<\/p>\n","protected":false},"author":1,"featured_media":0,"parent":0,"menu_order":0,"comment_status":"closed","ping_status":"closed","template":"","meta":{"site-sidebar-layout":"no-sidebar","site-content-layout":"page-builder","ast-site-content-layout":"default","site-content-style":"default","site-sidebar-style":"default","ast-global-header-display":"","ast-banner-title-visibility":"","ast-main-header-display":"","ast-hfb-above-header-display":"","ast-hfb-below-header-display":"","ast-hfb-mobile-header-display":"","site-post-title":"disabled","ast-breadcrumbs-content":"","ast-featured-img":"disabled","footer-sml-layout":"","ast-disable-related-posts":"","theme-transparent-header-meta":"enabled","adv-header-id-meta":"","stick-header-meta":"","header-above-stick-meta":"","header-main-stick-meta":"","header-below-stick-meta":"","astra-migrate-meta-layouts":"default","ast-page-background-enabled":"default","ast-page-background-meta":{"desktop":{"background-color":"","background-image":"","background-repeat":"repeat","background-position":"center center","background-size":"auto","background-attachment":"scroll","background-type":"","background-media":"","overlay-type":"","overlay-color":"","overlay-opacity":"","overlay-gradient":""},"tablet":{"background-color":"","background-image":"","background-repeat":"repeat","background-position":"center center","background-size":"auto","background-attachment":"scroll","background-type":"","background-media":"","overlay-type":"","overlay-color":"","overlay-opacity":"","overlay-gradient":""},"mobile":{"background-color":"","background-image":"","background-repeat":"repeat","background-position":"center center","background-size":"auto","background-attachment":"scroll","background-type":"","background-media":"","overlay-type":"","overlay-color":"","overlay-opacity":"","overlay-gradient":""}},"ast-content-background-meta":{"desktop":{"background-color":"var(--ast-global-color-5)","background-image":"","background-repeat":"repeat","background-position":"center center","background-size":"auto","background-attachment":"scroll","background-type":"","background-media":"","overlay-type":"","overlay-color":"","overlay-opacity":"","overlay-gradient":""},"tablet":{"background-color":"var(--ast-global-color-5)","background-image":"","background-repeat":"repeat","background-position":"center center","background-size":"auto","background-attachment":"scroll","background-type":"","background-media":"","overlay-type":"","overlay-color":"","overlay-opacity":"","overlay-gradient":""},"mobile":{"background-color":"var(--ast-global-color-5)","background-image":"","background-repeat":"repeat","background-position":"center center","background-size":"auto","background-attachment":"scroll","background-type":"","background-media":"","overlay-type":"","overlay-color":"","overlay-opacity":"","overlay-gradient":""}},"footnotes":""},"class_list":["post-1615","page","type-page","status-publish","hentry"],"_links":{"self":[{"href":"https:\/\/samco-group.com\/en\/wp-json\/wp\/v2\/pages\/1615","targetHints":{"allow":["GET"]}}],"collection":[{"href":"https:\/\/samco-group.com\/en\/wp-json\/wp\/v2\/pages"}],"about":[{"href":"https:\/\/samco-group.com\/en\/wp-json\/wp\/v2\/types\/page"}],"author":[{"embeddable":true,"href":"https:\/\/samco-group.com\/en\/wp-json\/wp\/v2\/users\/1"}],"replies":[{"embeddable":true,"href":"https:\/\/samco-group.com\/en\/wp-json\/wp\/v2\/comments?post=1615"}],"version-history":[{"count":10,"href":"https:\/\/samco-group.com\/en\/wp-json\/wp\/v2\/pages\/1615\/revisions"}],"predecessor-version":[{"id":1708,"href":"https:\/\/samco-group.com\/en\/wp-json\/wp\/v2\/pages\/1615\/revisions\/1708"}],"wp:attachment":[{"href":"https:\/\/samco-group.com\/en\/wp-json\/wp\/v2\/media?parent=1615"}],"curies":[{"name":"wp","href":"https:\/\/api.w.org\/{rel}","templated":true}]}}